{"id":2481,"date":"2026-04-30T20:38:40","date_gmt":"2026-04-30T18:38:40","guid":{"rendered":"https:\/\/394914-1.web.fhgr.education\/?page_id=2481"},"modified":"2026-05-11T07:50:34","modified_gmt":"2026-05-11T05:50:34","slug":"anmelden","status":"publish","type":"page","link":"https:\/\/394914-1.web.fhgr.education\/en\/anmelden\/","title":{"rendered":"Participants"},"content":{"rendered":"\t\t<div data-elementor-type=\"wp-page\" data-elementor-id=\"2481\" class=\"elementor elementor-2481\">\n\t\t\t\t<div class=\"elementor-element elementor-element-9f7a2db e-flex e-con-boxed e-con e-parent\" data-id=\"9f7a2db\" data-element_type=\"container\" data-e-type=\"container\" data-settings=\"{&quot;background_background&quot;:&quot;slideshow&quot;,&quot;background_slideshow_gallery&quot;:[{&quot;id&quot;:3837,&quot;url&quot;:&quot;https:\\\/\\\/394914-1.web.fhgr.education\\\/wp-content\\\/uploads\\\/2026\\\/05\\\/pexels-photo-27349862-27349862.jpg&quot;}],&quot;background_slideshow_loop&quot;:&quot;yes&quot;,&quot;background_slideshow_slide_duration&quot;:5000,&quot;background_slideshow_slide_transition&quot;:&quot;fade&quot;,&quot;background_slideshow_transition_duration&quot;:500}\">\n\t\t\t\t\t<div class=\"e-con-inner\">\n\t\t\t\t<div class=\"elementor-element elementor-element-6c0dbfd elementor-widget elementor-widget-heading\" data-id=\"6c0dbfd\" data-element_type=\"widget\" data-e-type=\"widget\" data-widget_type=\"heading.default\">\n\t\t\t\t<div class=\"elementor-widget-container\">\n\t\t\t\t\t<h2 class=\"elementor-heading-title elementor-size-default\">Anmeldung f\u00fcr Teilnehmende<\/h2>\t\t\t\t<\/div>\n\t\t\t\t<\/div>\n\t\t<div class=\"elementor-element elementor-element-c903a8a e-con-full e-flex e-con e-child\" data-id=\"c903a8a\" data-element_type=\"container\" data-e-type=\"container\">\n\t\t\t\t<div class=\"elementor-element elementor-element-09b865f elementor-widget elementor-widget-text-editor\" data-id=\"09b865f\" data-element_type=\"widget\" data-e-type=\"widget\" data-widget_type=\"text-editor.default\">\n\t\t\t\t<div class=\"elementor-widget-container\">\n\t\t\t\t\t\t\t\t\t<p>Melde dich mit dem Formular f\u00fcr den Run &amp; Fun an und sei am 1. August 2027 Teil einer ganz besonderen Veranstaltung. Wir freuen uns auf dich!<\/p>\t\t\t\t\t\t\t\t<\/div>\n\t\t\t\t<\/div>\n\t\t\t\t<\/div>\n\t\t\t\t\t<\/div>\n\t\t\t\t<\/div>\n\t\t<div class=\"elementor-element elementor-element-cbff389 e-flex e-con-boxed e-con e-parent\" data-id=\"cbff389\" data-element_type=\"container\" data-e-type=\"container\">\n\t\t\t\t\t<div class=\"e-con-inner\">\n\t\t<div class=\"elementor-element elementor-element-f344821 e-con-full e-flex e-con e-child\" data-id=\"f344821\" data-element_type=\"container\" data-e-type=\"container\">\n\t\t\t\t<div class=\"elementor-element elementor-element-1b94268 elementor-widget elementor-widget-spacer\" data-id=\"1b94268\" data-element_type=\"widget\" data-e-type=\"widget\" data-widget_type=\"spacer.default\">\n\t\t\t\t<div class=\"elementor-widget-container\">\n\t\t\t\t\t\t\t<div class=\"elementor-spacer\">\n\t\t\t<div class=\"elementor-spacer-inner\"><\/div>\n\t\t<\/div>\n\t\t\t\t\t\t<\/div>\n\t\t\t\t<\/div>\n\t\t\t\t<div class=\"elementor-element elementor-element-cd0cb84 elementor-widget elementor-widget-heading\" data-id=\"cd0cb84\" data-element_type=\"widget\" data-e-type=\"widget\" data-widget_type=\"heading.default\">\n\t\t\t\t<div class=\"elementor-widget-container\">\n\t\t\t\t\t<h2 class=\"elementor-heading-title elementor-size-default\">Anmeldeformular<\/h2>\t\t\t\t<\/div>\n\t\t\t\t<\/div>\n\t\t\t\t<div class=\"elementor-element elementor-element-bc85a72 elementor-widget-divider--view-line elementor-widget elementor-widget-divider\" data-id=\"bc85a72\" data-element_type=\"widget\" data-e-type=\"widget\" data-widget_type=\"divider.default\">\n\t\t\t\t<div class=\"elementor-widget-container\">\n\t\t\t\t\t\t\t<div class=\"elementor-divider\">\n\t\t\t<span class=\"elementor-divider-separator\">\n\t\t\t\t\t\t<\/span>\n\t\t<\/div>\n\t\t\t\t\t\t<\/div>\n\t\t\t\t<\/div>\n\t\t\t\t<div class=\"elementor-element elementor-element-fca2bdc elementor-widget elementor-widget-wpforms\" data-id=\"fca2bdc\" data-element_type=\"widget\" data-e-type=\"widget\" data-widget_type=\"wpforms.default\">\n\t\t\t\t<div class=\"elementor-widget-container\">\n\t\t\t\t\t<div class=\"wpforms-container \" id=\"wpforms-2827\"><form id=\"wpforms-form-2827\" class=\"wpforms-validate wpforms-form\" data-formid=\"2827\" method=\"post\" enctype=\"multipart\/form-data\" action=\"\/en\/wp-json\/wp\/v2\/pages\/2481\" data-token=\"9e9e60df045bb69f3b61a2b0794b4785\" data-token-time=\"1778793235\"><noscript class=\"wpforms-error-noscript\">Please enable JavaScript in your browser to complete this form.<\/noscript><div class=\"wpforms-field-container\"><div id=\"wpforms-2827-field_1-container\" class=\"wpforms-field wpforms-field-name\" data-field-id=\"1\"><label class=\"wpforms-field-label\">Vor- und Nachname<\/label><div class=\"wpforms-field-row wpforms-field-medium\"><div class=\"wpforms-field-row-block wpforms-first wpforms-one-half\"><input type=\"text\" id=\"wpforms-2827-field_1\" class=\"wpforms-field-name-first\" name=\"wpforms[fields][1][first]\" ><label for=\"wpforms-2827-field_1\" class=\"wpforms-field-sublabel after\">First<\/label><\/div><div class=\"wpforms-field-row-block wpforms-one-half\"><input type=\"text\" id=\"wpforms-2827-field_1-last\" class=\"wpforms-field-name-last\" name=\"wpforms[fields][1][last]\" ><label for=\"wpforms-2827-field_1-last\" class=\"wpforms-field-sublabel after\">Last<\/label><\/div><\/div><\/div><div id=\"wpforms-2827-field_14-container\" class=\"wpforms-field wpforms-field-number\" data-field-id=\"14\"><label class=\"wpforms-field-label\" for=\"wpforms-2827-field_14\">Anzahl Teilnehmende<\/label><input type=\"number\" id=\"wpforms-2827-field_14\" class=\"wpforms-field-medium\" name=\"wpforms[fields][14]\" step=\"any\" ><\/div><div id=\"wpforms-2827-field_2-container\" class=\"wpforms-field wpforms-field-email\" data-field-id=\"2\"><label class=\"wpforms-field-label\" for=\"wpforms-2827-field_2\">E-Mail-Adresse<\/label><input type=\"email\" id=\"wpforms-2827-field_2\" class=\"wpforms-field-medium\" name=\"wpforms[fields][2]\" spellcheck=\"false\" ><\/div><div id=\"wpforms-2827-field_11-container\" class=\"wpforms-field wpforms-field-text\" data-field-id=\"11\"><label class=\"wpforms-field-label\" for=\"wpforms-2827-field_11\">Adresse (Adresse, PLZ, Ort)<\/label><input type=\"text\" id=\"wpforms-2827-field_11\" class=\"wpforms-field-medium\" name=\"wpforms[fields][11]\" ><div class=\"wpforms-field-description\">z.B. Hauptstrasse 1, 4900 Langenthal<\/div><\/div><div id=\"wpforms-2827-field_10-container\" class=\"wpforms-field wpforms-field-text\" data-field-id=\"10\"><label class=\"wpforms-field-label\" for=\"wpforms-2827-field_10\">Geburtsdatum<\/label><input type=\"text\" id=\"wpforms-2827-field_10\" class=\"wpforms-field-medium\" name=\"wpforms[fields][10]\" ><\/div><div id=\"wpforms-2827-field_6-container\" class=\"wpforms-field wpforms-field-radio\" data-field-id=\"6\"><label class=\"wpforms-field-label\">Distanz<\/label><ul id=\"wpforms-2827-field_6\"><li class=\"choice-1 depth-1\"><input type=\"radio\" id=\"wpforms-2827-field_6_1\" name=\"wpforms[fields][6]\" value=\"5 Km\"  ><label class=\"wpforms-field-label-inline\" for=\"wpforms-2827-field_6_1\">5 Km<\/label><\/li><li class=\"choice-2 depth-1\"><input type=\"radio\" id=\"wpforms-2827-field_6_2\" name=\"wpforms[fields][6]\" value=\"10 Km\"  ><label class=\"wpforms-field-label-inline\" for=\"wpforms-2827-field_6_2\">10 Km<\/label><\/li><li class=\"choice-4 depth-1\"><input type=\"radio\" id=\"wpforms-2827-field_6_4\" name=\"wpforms[fields][6]\" value=\"15 Km\"  ><label class=\"wpforms-field-label-inline\" for=\"wpforms-2827-field_6_4\">15 Km<\/label><\/li><\/ul><\/div>\t\t<div id=\"wpforms-2827-field_3-container\"\n\t\t\tclass=\"wpforms-field wpforms-field-text\"\n\t\t\tdata-field-type=\"text\"\n\t\t\tdata-field-id=\"3\"\n\t\t\t>\n\t\t\t<label class=\"wpforms-field-label\" for=\"wpforms-2827-field_3\" >PLZ, Distanz (Adresse,<\/label>\n\t\t\t<input type=\"text\" id=\"wpforms-2827-field_3\" class=\"wpforms-field-medium\" name=\"wpforms[fields][3]\" >\n\t\t<\/div>\n\t\t<div id=\"wpforms-2827-field_15-container\" class=\"wpforms-field wpforms-field-radio\" data-field-id=\"15\"><label class=\"wpforms-field-label\">Zeitmessung <\/label><ul id=\"wpforms-2827-field_15\"><li class=\"choice-1 depth-1\"><input type=\"radio\" id=\"wpforms-2827-field_15_1\" name=\"wpforms[fields][15]\" value=\"Ja\"  ><label class=\"wpforms-field-label-inline\" for=\"wpforms-2827-field_15_1\">Ja<\/label><\/li><li class=\"choice-2 depth-1\"><input type=\"radio\" id=\"wpforms-2827-field_15_2\" name=\"wpforms[fields][15]\" value=\"Nein\"  ><label class=\"wpforms-field-label-inline\" for=\"wpforms-2827-field_15_2\">Nein<\/label><\/li><\/ul><\/div><div id=\"wpforms-2827-field_9-container\" class=\"wpforms-field wpforms-field-textarea\" data-field-id=\"9\"><label class=\"wpforms-field-label\" for=\"wpforms-2827-field_9\">Name f\u00fcr die Startnummern <\/label><textarea id=\"wpforms-2827-field_9\" class=\"wpforms-field-medium\" name=\"wpforms[fields][9]\" ><\/textarea><div class=\"wpforms-field-description\">z.B. Michelle Mosimann = Michelle \ud83d\ude42<\/div><\/div><script>\n\t\t\t\t( function() {\n\t\t\t\t\tconst style = document.createElement( 'style' );\n\t\t\t\t\tstyle.appendChild( document.createTextNode( '#wpforms-2827-field_3-container { position: absolute !important; overflow: hidden !important; display: inline !important; height: 1px !important; width: 1px !important; z-index: -1000 !important; padding: 0 !important; } #wpforms-2827-field_3-container input { visibility: hidden; } #wpforms-conversational-form-page #wpforms-2827-field_3-container label { counter-increment: none; }' ) );\n\t\t\t\t\tdocument.head.appendChild( style );\n\t\t\t\t\tdocument.currentScript?.remove();\n\t\t\t\t} )();\n\t\t\t<\/script><\/div><!-- .wpforms-field-container --><div class=\"wpforms-submit-container\" ><input type=\"hidden\" name=\"wpforms[id]\" value=\"2827\"><input type=\"hidden\" name=\"page_title\" value=\"\"><input type=\"hidden\" name=\"page_url\" value=\"https:\/\/394914-1.web.fhgr.education\/en\/wp-json\/wp\/v2\/pages\/2481\"><input type=\"hidden\" name=\"url_referer\" value=\"\"><button type=\"submit\" name=\"wpforms[submit]\" id=\"wpforms-submit-2827\" class=\"wpforms-submit\" data-alt-text=\"Senden\u2026\" data-submit-text=\"Anmeldung absenden\" aria-live=\"assertive\" value=\"wpforms-submit\">Anmeldung absenden<\/button><\/div><\/form><\/div>  <!-- .wpforms-container -->\t\t\t\t<\/div>\n\t\t\t\t<\/div>\n\t\t\t\t<\/div>\n\t\t<div class=\"elementor-element elementor-element-be39657 e-con-full e-flex e-con e-child\" data-id=\"be39657\" data-element_type=\"container\" data-e-type=\"container\">\n\t\t\t\t<div class=\"elementor-element elementor-element-f2512f1 elementor-widget elementor-widget-spacer\" data-id=\"f2512f1\" data-element_type=\"widget\" data-e-type=\"widget\" data-widget_type=\"spacer.default\">\n\t\t\t\t<div class=\"elementor-widget-container\">\n\t\t\t\t\t\t\t<div class=\"elementor-spacer\">\n\t\t\t<div class=\"elementor-spacer-inner\"><\/div>\n\t\t<\/div>\n\t\t\t\t\t\t<\/div>\n\t\t\t\t<\/div>\n\t\t\t\t<div class=\"elementor-element elementor-element-d63aef2 elementor-widget elementor-widget-heading\" data-id=\"d63aef2\" data-element_type=\"widget\" data-e-type=\"widget\" data-widget_type=\"heading.default\">\n\t\t\t\t<div class=\"elementor-widget-container\">\n\t\t\t\t\t<h2 class=\"elementor-heading-title elementor-size-default\">Allgemeine Informationen<\/h2>\t\t\t\t<\/div>\n\t\t\t\t<\/div>\n\t\t\t\t<div class=\"elementor-element elementor-element-814cfc0 elementor-widget-divider--view-line elementor-widget elementor-widget-divider\" data-id=\"814cfc0\" data-element_type=\"widget\" data-e-type=\"widget\" data-widget_type=\"divider.default\">\n\t\t\t\t<div class=\"elementor-widget-container\">\n\t\t\t\t\t\t\t<div class=\"elementor-divider\">\n\t\t\t<span class=\"elementor-divider-separator\">\n\t\t\t\t\t\t<\/span>\n\t\t<\/div>\n\t\t\t\t\t\t<\/div>\n\t\t\t\t<\/div>\n\t\t\t\t<div class=\"elementor-element elementor-element-6a7c985 elementor-widget elementor-widget-text-editor\" data-id=\"6a7c985\" data-element_type=\"widget\" data-e-type=\"widget\" data-widget_type=\"text-editor.default\">\n\t\t\t\t<div class=\"elementor-widget-container\">\n\t\t\t\t\t\t\t\t\t<p>Bitte f\u00fclle das Anmeldeformular bis am 1. Juli 2027 mit den n\u00f6tigen Angaben aus. Wenn du dich bis zum 1. Juni 2027 anmeldest, bekommt du und deine Mitl\u00e4ufer eine personalisierte Startnummer.\u00a0<\/p><p>F\u00fclle dazu das Feld &#171;Name f\u00fcr die Startnummen&#187; aus mit den Namen, die auf der Startnummer stehen sollen.\u00a0<\/p><p>\u00a0<\/p><p>Die Bezahlung erfolgt vor Ort (TWINT, Karte oder Bar) bei der Abholung der Startnummer.\u00a0<\/p><p>\u00a0<\/p><p>Bist du dir unsicher, f\u00fcr welche Strecke du dich anmelden m\u00f6chtest? Auf unserer Home-Seite siehst du die drei Strecken im \u00dcberblick.\u00a0<\/p>\t\t\t\t\t\t\t\t<\/div>\n\t\t\t\t<\/div>\n\t\t\t\t<div class=\"elementor-element elementor-element-4be3d1b elementor-align-center elementor-widget elementor-widget-button\" data-id=\"4be3d1b\" data-element_type=\"widget\" data-e-type=\"widget\" data-widget_type=\"button.default\">\n\t\t\t\t<div class=\"elementor-widget-container\">\n\t\t\t\t\t\t\t\t\t<div class=\"elementor-button-wrapper\">\n\t\t\t\t\t<a class=\"elementor-button elementor-button-link elementor-size-sm\" href=\"https:\/\/394914-1.web.fhgr.education\/\">\n\t\t\t\t\t\t<span class=\"elementor-button-content-wrapper\">\n\t\t\t\t\t\t\t\t\t<span class=\"elementor-button-text\">Zum Strecken\u00fcberblick <\/span>\n\t\t\t\t\t<\/span>\n\t\t\t\t\t<\/a>\n\t\t\t\t<\/div>\n\t\t\t\t\t\t\t\t<\/div>\n\t\t\t\t<\/div>\n\t\t\t\t<\/div>\n\t\t\t\t\t<\/div>\n\t\t\t\t<\/div>\n\t\t<div class=\"elementor-element elementor-element-11b1399 e-flex e-con-boxed e-con e-parent\" data-id=\"11b1399\" data-element_type=\"container\" data-e-type=\"container\" data-settings=\"{&quot;background_background&quot;:&quot;classic&quot;}\">\n\t\t\t\t\t<div class=\"e-con-inner\">\n\t\t<div class=\"elementor-element elementor-element-e29c496 e-con-full e-flex e-con e-child\" data-id=\"e29c496\" data-element_type=\"container\" data-e-type=\"container\">\n\t\t\t\t<div class=\"elementor-element elementor-element-43b6fb1 elementor-widget elementor-widget-spacer\" data-id=\"43b6fb1\" data-element_type=\"widget\" data-e-type=\"widget\" data-widget_type=\"spacer.default\">\n\t\t\t\t<div class=\"elementor-widget-container\">\n\t\t\t\t\t\t\t<div class=\"elementor-spacer\">\n\t\t\t<div class=\"elementor-spacer-inner\"><\/div>\n\t\t<\/div>\n\t\t\t\t\t\t<\/div>\n\t\t\t\t<\/div>\n\t\t\t\t<div class=\"elementor-element elementor-element-3aa3792 elementor-widget__width-initial elementor-widget-mobile__width-initial elementor-widget elementor-widget-heading\" data-id=\"3aa3792\" data-element_type=\"widget\" data-e-type=\"widget\" data-widget_type=\"heading.default\">\n\t\t\t\t<div class=\"elementor-widget-container\">\n\t\t\t\t\t<h2 class=\"elementor-heading-title elementor-size-default\">Noch Fragen?<\/h2>\t\t\t\t<\/div>\n\t\t\t\t<\/div>\n\t\t\t\t<div class=\"elementor-element elementor-element-0b5b41c elementor-widget-divider--view-line elementor-widget elementor-widget-divider\" data-id=\"0b5b41c\" data-element_type=\"widget\" data-e-type=\"widget\" data-widget_type=\"divider.default\">\n\t\t\t\t<div class=\"elementor-widget-container\">\n\t\t\t\t\t\t\t<div class=\"elementor-divider\">\n\t\t\t<span class=\"elementor-divider-separator\">\n\t\t\t\t\t\t<\/span>\n\t\t<\/div>\n\t\t\t\t\t\t<\/div>\n\t\t\t\t<\/div>\n\t\t\t\t<div class=\"elementor-element elementor-element-eaaf073 elementor-align-center elementor-widget elementor-widget-button\" data-id=\"eaaf073\" data-element_type=\"widget\" data-e-type=\"widget\" data-widget_type=\"button.default\">\n\t\t\t\t<div class=\"elementor-widget-container\">\n\t\t\t\t\t\t\t\t\t<div class=\"elementor-button-wrapper\">\n\t\t\t\t\t<a class=\"elementor-button elementor-button-link elementor-size-sm\" href=\"https:\/\/394914-1.web.fhgr.education\/services\/\">\n\t\t\t\t\t\t<span class=\"elementor-button-content-wrapper\">\n\t\t\t\t\t\t\t\t\t<span class=\"elementor-button-text\">Hier gehts zum FAQ-Bereich <\/span>\n\t\t\t\t\t<\/span>\n\t\t\t\t\t<\/a>\n\t\t\t\t<\/div>\n\t\t\t\t\t\t\t\t<\/div>\n\t\t\t\t<\/div>\n\t\t\t\t<div class=\"elementor-element elementor-element-08298fb elementor-align-center elementor-widget elementor-widget-button\" data-id=\"08298fb\" data-element_type=\"widget\" data-e-type=\"widget\" data-widget_type=\"button.default\">\n\t\t\t\t<div class=\"elementor-widget-container\">\n\t\t\t\t\t\t\t\t\t<div class=\"elementor-button-wrapper\">\n\t\t\t\t\t<a class=\"elementor-button elementor-button-link elementor-size-sm\" href=\"https:\/\/394914-1.web.fhgr.education\/contact\/\">\n\t\t\t\t\t\t<span class=\"elementor-button-content-wrapper\">\n\t\t\t\t\t\t\t\t\t<span class=\"elementor-button-text\">Hier gehts zum Kontaktformular<\/span>\n\t\t\t\t\t<\/span>\n\t\t\t\t\t<\/a>\n\t\t\t\t<\/div>\n\t\t\t\t\t\t\t\t<\/div>\n\t\t\t\t<\/div>\n\t\t\t\t<div class=\"elementor-element elementor-element-c71c72a elementor-widget elementor-widget-spacer\" data-id=\"c71c72a\" data-element_type=\"widget\" data-e-type=\"widget\" data-widget_type=\"spacer.default\">\n\t\t\t\t<div class=\"elementor-widget-container\">\n\t\t\t\t\t\t\t<div class=\"elementor-spacer\">\n\t\t\t<div class=\"elementor-spacer-inner\"><\/div>\n\t\t<\/div>\n\t\t\t\t\t\t<\/div>\n\t\t\t\t<\/div>\n\t\t\t\t<\/div>\n\t\t\t\t\t<\/div>\n\t\t\t\t<\/div>\n\t\t\t\t<\/div>\n\t\t","protected":false},"excerpt":{"rendered":"<p>Anmeldung f\u00fcr Teilnehmende Melde dich mit dem Formular f\u00fcr den Run &amp; Fun an und sei am 1. August 2027 Teil einer ganz besonderen Veranstaltung. Wir freuen uns auf dich! Anmeldeformular Bitte aktiviere JavaScript in deinem Browser, um dieses Formular fertigzustellen.Vor- und NachnameVornameNachnameAnzahl TeilnehmendeE-Mail-AdresseAdresse (Adresse, PLZ, Ort)z.B. Hauptstrasse 1, 4900 LangenthalGeburtsdatumDistanz 5 Km 10 Km [&hellip;]<\/p>\n","protected":false},"author":1,"featured_media":0,"parent":0,"menu_order":0,"comment_status":"closed","ping_status":"closed","template":"","meta":{"site-sidebar-layout":"no-sidebar","site-content-layout":"page-builder","ast-site-content-layout":"full-width-container","site-content-style":"default","site-sidebar-style":"default","ast-global-header-display":"","ast-banner-title-visibility":"","ast-main-header-display":"","ast-hfb-above-header-display":"","ast-hfb-below-header-display":"","ast-hfb-mobile-header-display":"","site-post-title":"disabled","ast-breadcrumbs-content":"","ast-featured-img":"disabled","footer-sml-layout":"","ast-disable-related-posts":"","theme-transparent-header-meta":"enabled","adv-header-id-meta":"","stick-header-meta":"","header-above-stick-meta":"","header-main-stick-meta":"","header-below-stick-meta":"","astra-migrate-meta-layouts":"default","ast-page-background-enabled":"default","ast-page-background-meta":{"desktop":{"background-color":"var(--ast-global-color-4)","background-image":"","background-repeat":"repeat","background-position":"center center","background-size":"auto","background-attachment":"scroll","background-type":"","background-media":"","overlay-type":"","overlay-color":"","overlay-opacity":"","overlay-gradient":""},"tablet":{"background-color":"","background-image":"","background-repeat":"repeat","background-position":"center center","background-size":"auto","background-attachment":"scroll","background-type":"","background-media":"","overlay-type":"","overlay-color":"","overlay-opacity":"","overlay-gradient":""},"mobile":{"background-color":"","background-image":"","background-repeat":"repeat","background-position":"center center","background-size":"auto","background-attachment":"scroll","background-type":"","background-media":"","overlay-type":"","overlay-color":"","overlay-opacity":"","overlay-gradient":""}},"ast-content-background-meta":{"desktop":{"background-color":"var(--ast-global-color-5)","background-image":"","background-repeat":"repeat","background-position":"center center","background-size":"auto","background-attachment":"scroll","background-type":"","background-media":"","overlay-type":"","overlay-color":"","overlay-opacity":"","overlay-gradient":""},"tablet":{"background-color":"var(--ast-global-color-5)","background-image":"","background-repeat":"repeat","background-position":"center center","background-size":"auto","background-attachment":"scroll","background-type":"","background-media":"","overlay-type":"","overlay-color":"","overlay-opacity":"","overlay-gradient":""},"mobile":{"background-color":"var(--ast-global-color-5)","background-image":"","background-repeat":"repeat","background-position":"center center","background-size":"auto","background-attachment":"scroll","background-type":"","background-media":"","overlay-type":"","overlay-color":"","overlay-opacity":"","overlay-gradient":""}},"footnotes":""},"class_list":["post-2481","page","type-page","status-publish","hentry"],"_links":{"self":[{"href":"https:\/\/394914-1.web.fhgr.education\/en\/wp-json\/wp\/v2\/pages\/2481","targetHints":{"allow":["GET"]}}],"collection":[{"href":"https:\/\/394914-1.web.fhgr.education\/en\/wp-json\/wp\/v2\/pages"}],"about":[{"href":"https:\/\/394914-1.web.fhgr.education\/en\/wp-json\/wp\/v2\/types\/page"}],"author":[{"embeddable":true,"href":"https:\/\/394914-1.web.fhgr.education\/en\/wp-json\/wp\/v2\/users\/1"}],"replies":[{"embeddable":true,"href":"https:\/\/394914-1.web.fhgr.education\/en\/wp-json\/wp\/v2\/comments?post=2481"}],"version-history":[{"count":151,"href":"https:\/\/394914-1.web.fhgr.education\/en\/wp-json\/wp\/v2\/pages\/2481\/revisions"}],"predecessor-version":[{"id":4035,"href":"https:\/\/394914-1.web.fhgr.education\/en\/wp-json\/wp\/v2\/pages\/2481\/revisions\/4035"}],"wp:attachment":[{"href":"https:\/\/394914-1.web.fhgr.education\/en\/wp-json\/wp\/v2\/media?parent=2481"}],"curies":[{"name":"wp","href":"https:\/\/api.w.org\/{rel}","templated":true}]}}