{"id":3474,"date":"2026-05-07T07:34:14","date_gmt":"2026-05-07T05:34:14","guid":{"rendered":"https:\/\/394914-1.web.fhgr.education\/?page_id=3474"},"modified":"2026-05-10T17:30:09","modified_gmt":"2026-05-10T15:30:09","slug":"impressum","status":"publish","type":"page","link":"https:\/\/394914-1.web.fhgr.education\/en\/impressum\/","title":{"rendered":"Legal Notice"},"content":{"rendered":"<div data-elementor-type=\"wp-page\" data-elementor-id=\"3474\" class=\"elementor elementor-3474\">\n\t\t\t\t<div class=\"elementor-element elementor-element-d86c73a e-flex e-con-boxed e-con e-parent\" data-id=\"d86c73a\" data-element_type=\"container\" data-e-type=\"container\" data-settings=\"{&quot;background_background&quot;:&quot;slideshow&quot;,&quot;background_slideshow_gallery&quot;:[],&quot;background_slideshow_loop&quot;:&quot;yes&quot;,&quot;background_slideshow_slide_duration&quot;:5000,&quot;background_slideshow_slide_transition&quot;:&quot;fade&quot;,&quot;background_slideshow_transition_duration&quot;:500}\">\n\t\t\t\t\t<div class=\"e-con-inner\">\n\t\t\t\t<div class=\"elementor-element elementor-element-eaad9aa elementor-widget elementor-widget-heading\" data-id=\"eaad9aa\" data-element_type=\"widget\" data-e-type=\"widget\" data-widget_type=\"heading.default\">\n\t\t\t\t<div class=\"elementor-widget-container\">\n\t\t\t\t\t<h2 class=\"elementor-heading-title elementor-size-default\">Legal Notice<\/h2>\t\t\t\t<\/div>\n\t\t\t\t<\/div>\n\t\t\t\t<div class=\"elementor-element elementor-element-95bc04e elementor-widget-divider--view-line elementor-widget elementor-widget-divider\" data-id=\"95bc04e\" data-element_type=\"widget\" data-e-type=\"widget\" data-widget_type=\"divider.default\">\n\t\t\t\t<div class=\"elementor-widget-container\">\n\t\t\t\t\t\t\t<div class=\"elementor-divider\">\n\t\t\t<span class=\"elementor-divider-separator\">\n\t\t\t\t\t\t<\/span>\n\t\t<\/div>\n\t\t\t\t\t\t<\/div>\n\t\t\t\t<\/div>\n\t\t\t\t\t<\/div>\n\t\t\t\t<\/div>\n\t\t<div class=\"elementor-element elementor-element-1fd9999 e-flex e-con-boxed e-con e-parent\" data-id=\"1fd9999\" data-element_type=\"container\" data-e-type=\"container\">\n\t\t\t\t\t<div class=\"e-con-inner\">\n\t\t<div class=\"elementor-element elementor-element-637ee36 e-con-full e-flex e-con e-child\" data-id=\"637ee36\" data-element_type=\"container\" data-e-type=\"container\">\n\t\t<div class=\"elementor-element elementor-element-5521f3a e-con-full e-flex e-con e-child\" data-id=\"5521f3a\" data-element_type=\"container\" data-e-type=\"container\">\n\t\t\t\t<div class=\"elementor-element elementor-element-edf600c elementor-hidden-desktop elementor-hidden-mobile elementor-widget elementor-widget-spacer\" data-id=\"edf600c\" data-element_type=\"widget\" data-e-type=\"widget\" data-widget_type=\"spacer.default\">\n\t\t\t\t<div class=\"elementor-widget-container\">\n\t\t\t\t\t\t\t<div class=\"elementor-spacer\">\n\t\t\t<div class=\"elementor-spacer-inner\"><\/div>\n\t\t<\/div>\n\t\t\t\t\t\t<\/div>\n\t\t\t\t<\/div>\n\t\t\t\t<div class=\"elementor-element elementor-element-c249c31 elementor-widget elementor-widget-image\" data-id=\"c249c31\" data-element_type=\"widget\" data-e-type=\"widget\" data-widget_type=\"image.default\">\n\t\t\t\t<div class=\"elementor-widget-container\">\n\t\t\t\t\t\t\t\t\t\t\t\t\t\t\t<img fetchpriority=\"high\" decoding=\"async\" width=\"683\" height=\"1024\" src=\"https:\/\/394914-1.web.fhgr.education\/wp-content\/uploads\/2026\/05\/pexels-photo-36232076-36232076-683x1024.jpg\" class=\"attachment-large size-large wp-image-3485\" alt=\"A serene green field extends under a clear blue sky, capturing the essence of spring.\" srcset=\"https:\/\/394914-1.web.fhgr.education\/wp-content\/uploads\/2026\/05\/pexels-photo-36232076-36232076-683x1024.jpg 683w, https:\/\/394914-1.web.fhgr.education\/wp-content\/uploads\/2026\/05\/pexels-photo-36232076-36232076-200x300.jpg 200w, https:\/\/394914-1.web.fhgr.education\/wp-content\/uploads\/2026\/05\/pexels-photo-36232076-36232076-768x1152.jpg 768w, https:\/\/394914-1.web.fhgr.education\/wp-content\/uploads\/2026\/05\/pexels-photo-36232076-36232076-1024x1536.jpg 1024w, https:\/\/394914-1.web.fhgr.education\/wp-content\/uploads\/2026\/05\/pexels-photo-36232076-36232076-1365x2048.jpg 1365w, https:\/\/394914-1.web.fhgr.education\/wp-content\/uploads\/2026\/05\/pexels-photo-36232076-36232076-scaled.jpg 1707w\" sizes=\"(max-width: 683px) 100vw, 683px\" title=\"Legal Notice\">\t\t\t\t\t\t\t\t\t\t\t\t\t\t\t<\/div>\n\t\t\t\t<\/div>\n\t\t\t\t<\/div>\n\t\t\t\t<\/div>\n\t\t<div class=\"elementor-element elementor-element-ae6a07a e-con-full e-flex e-con e-child\" data-id=\"ae6a07a\" data-element_type=\"container\" data-e-type=\"container\">\n\t\t\t\t<div class=\"elementor-element elementor-element-21af3c3 elementor-hidden-mobile elementor-widget elementor-widget-spacer\" data-id=\"21af3c3\" data-element_type=\"widget\" data-e-type=\"widget\" data-widget_type=\"spacer.default\">\n\t\t\t\t<div class=\"elementor-widget-container\">\n\t\t\t\t\t\t\t<div class=\"elementor-spacer\">\n\t\t\t<div class=\"elementor-spacer-inner\"><\/div>\n\t\t<\/div>\n\t\t\t\t\t\t<\/div>\n\t\t\t\t<\/div>\n\t\t\t\t<div class=\"elementor-element elementor-element-3dfaad2 elementor-widget elementor-widget-text-editor\" data-id=\"3dfaad2\" data-element_type=\"widget\" data-e-type=\"widget\" data-widget_type=\"text-editor.default\">\n\t\t\t\t<div class=\"elementor-widget-container\">\n\t\t\t\t\t\t\t\t\t<p><strong>Organiser<\/strong> <br \/>Run &amp; Fun\u00a0<br \/>Rumiweg 44, 4900 Langenthal<br \/>Switzerland<\/p><p>\u00a0<\/p><p><strong>Contact<\/strong> <br \/>Michelle Mosimann, Chair of the Organising Committee<br \/>E-Mail: michelle.mosimann@stud.fhgr.ch<br \/>Telephone: +41 77 473 60 50\u00a0<\/p><p>\u00a0<\/p><p><strong>Authorised representative<\/strong> <br \/>Tanja Mosimann, Project Manager<\/p><p>\u00a0<\/p><p><strong>Disclaimer<\/strong> <br \/>All content on this website has been compiled with the utmost care. Nevertheless, we cannot guarantee that the information provided is accurate, complete or up to date. We accept no liability for any damage arising from the use of this website.<\/p><p>\u00a0<\/p><p><strong>External links<\/strong> <br \/>This website may contain links to external websites. The respective operators are solely responsible for the content of those sites. We accept no liability for linked content.<\/p><p>\u00a0<\/p><p><strong>Copyright<\/strong> <br \/>All text, images and graphics on this website are protected by copyright. Use without express permission is not permitted.<\/p>\t\t\t\t\t\t\t\t<\/div>\n\t\t\t\t<\/div>\n\t\t\t\t<\/div>\n\t\t\t\t\t<\/div>\n\t\t\t\t<\/div>\n\t\t\t\t<\/div>","protected":false},"excerpt":{"rendered":"<p>Impressum Veranstalter Run &amp; Fun\u00a0Rumiweg 44, 4900 LangenthalSchweiz \u00a0 Kontakt Michelle Mosimann, OK- Pr\u00e4sidentinE-Mail: michelle.mosimann@stud.fhgr.chTelefon: +41 77 473 60 50\u00a0 \u00a0 Vertretungsberechtigte Person Tanja Mosimann, Projektleitung \u00a0 Haftungsausschluss Alle Inhalte dieser Website wurden mit gr\u00f6sster Sorgfalt erstellt. Dennoch \u00fcbernehmen wir keine Gew\u00e4hr f\u00fcr die Richtigkeit, Vollst\u00e4ndigkeit oder Aktualit\u00e4t der bereitgestellten Informationen. Wir \u00fcbernehmen keine Haftung [&hellip;]<\/p>\n","protected":false},"author":1,"featured_media":0,"parent":0,"menu_order":0,"comment_status":"closed","ping_status":"closed","template":"","meta":{"site-sidebar-layout":"default","site-content-layout":"page-builder","ast-site-content-layout":"full-width-container","site-content-style":"unboxed","site-sidebar-style":"unboxed","ast-global-header-display":"","ast-banner-title-visibility":"","ast-main-header-display":"","ast-hfb-above-header-display":"","ast-hfb-below-header-display":"","ast-hfb-mobile-header-display":"","site-post-title":"disabled","ast-breadcrumbs-content":"","ast-featured-img":"disabled","footer-sml-layout":"","ast-disable-related-posts":"","theme-transparent-header-meta":"default","adv-header-id-meta":"","stick-header-meta":"","header-above-stick-meta":"","header-main-stick-meta":"","header-below-stick-meta":"","astra-migrate-meta-layouts":"set","ast-page-background-enabled":"default","ast-page-background-meta":{"desktop":{"background-color":"var(--ast-global-color-4)","background-image":"","background-repeat":"repeat","background-position":"center center","background-size":"auto","background-attachment":"scroll","background-type":"","background-media":"","overlay-type":"","overlay-color":"","overlay-opacity":"","overlay-gradient":""},"tablet":{"background-color":"","background-image":"","background-repeat":"repeat","background-position":"center center","background-size":"auto","background-attachment":"scroll","background-type":"","background-media":"","overlay-type":"","overlay-color":"","overlay-opacity":"","overlay-gradient":""},"mobile":{"background-color":"","background-image":"","background-repeat":"repeat","background-position":"center center","background-size":"auto","background-attachment":"scroll","background-type":"","background-media":"","overlay-type":"","overlay-color":"","overlay-opacity":"","overlay-gradient":""}},"ast-content-background-meta":{"desktop":{"background-color":"var(--ast-global-color-5)","background-image":"","background-repeat":"repeat","background-position":"center center","background-size":"auto","background-attachment":"scroll","background-type":"","background-media":"","overlay-type":"","overlay-color":"","overlay-opacity":"","overlay-gradient":""},"tablet":{"background-color":"var(--ast-global-color-5)","background-image":"","background-repeat":"repeat","background-position":"center center","background-size":"auto","background-attachment":"scroll","background-type":"","background-media":"","overlay-type":"","overlay-color":"","overlay-opacity":"","overlay-gradient":""},"mobile":{"background-color":"var(--ast-global-color-5)","background-image":"","background-repeat":"repeat","background-position":"center center","background-size":"auto","background-attachment":"scroll","background-type":"","background-media":"","overlay-type":"","overlay-color":"","overlay-opacity":"","overlay-gradient":""}},"footnotes":""},"class_list":["post-3474","page","type-page","status-publish","hentry"],"_links":{"self":[{"href":"https:\/\/394914-1.web.fhgr.education\/en\/wp-json\/wp\/v2\/pages\/3474","targetHints":{"allow":["GET"]}}],"collection":[{"href":"https:\/\/394914-1.web.fhgr.education\/en\/wp-json\/wp\/v2\/pages"}],"about":[{"href":"https:\/\/394914-1.web.fhgr.education\/en\/wp-json\/wp\/v2\/types\/page"}],"author":[{"embeddable":true,"href":"https:\/\/394914-1.web.fhgr.education\/en\/wp-json\/wp\/v2\/users\/1"}],"replies":[{"embeddable":true,"href":"https:\/\/394914-1.web.fhgr.education\/en\/wp-json\/wp\/v2\/comments?post=3474"}],"version-history":[{"count":80,"href":"https:\/\/394914-1.web.fhgr.education\/en\/wp-json\/wp\/v2\/pages\/3474\/revisions"}],"predecessor-version":[{"id":3890,"href":"https:\/\/394914-1.web.fhgr.education\/en\/wp-json\/wp\/v2\/pages\/3474\/revisions\/3890"}],"wp:attachment":[{"href":"https:\/\/394914-1.web.fhgr.education\/en\/wp-json\/wp\/v2\/media?parent=3474"}],"curies":[{"name":"wp","href":"https:\/\/api.w.org\/{rel}","templated":true}]}}